{"id":3251,"date":"2021-03-16T15:58:36","date_gmt":"2021-03-16T14:58:36","guid":{"rendered":"https:\/\/www.gabrielpitt.com\/?page_id=3251"},"modified":"2023-01-24T00:32:41","modified_gmt":"2023-01-23T23:32:41","slug":"blog","status":"publish","type":"page","link":"https:\/\/www.gabrielpitt.com\/en\/media-event\/blog\/","title":{"rendered":"Blog"},"content":{"rendered":"\t\t<div data-elementor-type=\"wp-page\" data-elementor-id=\"3251\" class=\"elementor elementor-3251\">\n\t\t\t\t\t\t<section class=\"elementor-section elementor-top-section elementor-element elementor-element-c32429f elementor-section-full_width elementor-section-height-min-height elementor-section-height-default elementor-section-items-middle\" data-id=\"c32429f\" data-element_type=\"section\" data-settings=\"{&quot;jet_parallax_layout_list&quot;:[{&quot;_id&quot;:&quot;fee87c5&quot;,&quot;jet_parallax_layout_speed&quot;:{&quot;unit&quot;:&quot;%&quot;,&quot;size&quot;:1,&quot;sizes&quot;:[]},&quot;jet_parallax_layout_image&quot;:{&quot;url&quot;:&quot;https:\\\/\\\/www.gabrielpitt.com\\\/wp-content\\\/uploads\\\/2021\\\/09\\\/GabriellPItt_Blog-scaled.jpg&quot;,&quot;id&quot;:5016,&quot;size&quot;:&quot;&quot;,&quot;alt&quot;:&quot;&quot;,&quot;source&quot;:&quot;library&quot;},&quot;jet_parallax_layout_bg_size&quot;:&quot;cover&quot;,&quot;jet_parallax_layout_bg_y&quot;:5,&quot;jet_parallax_layout_animation_prop&quot;:&quot;bgposition&quot;,&quot;jet_parallax_layout_on&quot;:[&quot;desktop&quot;,&quot;tablet&quot;,&quot;mobile&quot;],&quot;jet_parallax_layout_image_tablet&quot;:{&quot;url&quot;:&quot;&quot;,&quot;id&quot;:&quot;&quot;,&quot;size&quot;:&quot;&quot;},&quot;jet_parallax_layout_image_mobile&quot;:{&quot;url&quot;:&quot;&quot;,&quot;id&quot;:&quot;&quot;,&quot;size&quot;:&quot;&quot;},&quot;jet_parallax_layout_type&quot;:&quot;scroll&quot;,&quot;jet_parallax_layout_direction&quot;:null,&quot;jet_parallax_layout_fx_direction&quot;:null,&quot;jet_parallax_layout_z_index&quot;:&quot;&quot;,&quot;jet_parallax_layout_bg_x&quot;:50,&quot;jet_parallax_layout_bg_x_tablet&quot;:&quot;&quot;,&quot;jet_parallax_layout_bg_x_mobile&quot;:&quot;&quot;,&quot;jet_parallax_layout_bg_y_tablet&quot;:&quot;&quot;,&quot;jet_parallax_layout_bg_y_mobile&quot;:&quot;&quot;,&quot;jet_parallax_layout_bg_size_tablet&quot;:&quot;&quot;,&quot;jet_parallax_layout_bg_size_mobile&quot;:&quot;&quot;}],&quot;background_background&quot;:&quot;classic&quot;}\">\n\t\t\t\t\t\t\t<div class=\"elementor-background-overlay\"><\/div>\n\t\t\t\t\t\t\t<div class=\"elementor-container elementor-column-gap-default\">\n\t\t\t\t\t<div class=\"elementor-column elementor-col-100 elementor-top-column elementor-element elementor-element-970db29\" data-id=\"970db29\" data-element_type=\"column\">\n\t\t\t<div class=\"elementor-widget-wrap elementor-element-populated\">\n\t\t\t\t\t\t<div class=\"elementor-element elementor-element-56530c0 elementor-widget elementor-widget-heading\" data-id=\"56530c0\" data-element_type=\"widget\" data-widget_type=\"heading.default\">\n\t\t\t\t<div class=\"elementor-widget-container\">\n\t\t\t\t\t<h1 class=\"elementor-heading-title elementor-size-xl\">\u00ab Chacune de nos lectures laisse<br>une graine qui germe \u00bb<\/h1>\t\t\t\t<\/div>\n\t\t\t\t<\/div>\n\t\t\t\t<div class=\"elementor-element elementor-element-ae4654f elementor-widget-divider--view-line elementor-widget elementor-widget-divider\" data-id=\"ae4654f\" data-element_type=\"widget\" data-widget_type=\"divider.default\">\n\t\t\t\t<div class=\"elementor-widget-container\">\n\t\t\t\t\t\t\t<div class=\"elementor-divider\">\n\t\t\t<span class=\"elementor-divider-separator\">\n\t\t\t\t\t\t<\/span>\n\t\t<\/div>\n\t\t\t\t\t\t<\/div>\n\t\t\t\t<\/div>\n\t\t\t\t<div class=\"elementor-element elementor-element-7dc5af7 elementor-widget elementor-widget-heading\" data-id=\"7dc5af7\" data-element_type=\"widget\" data-widget_type=\"heading.default\">\n\t\t\t\t<div class=\"elementor-widget-container\">\n\t\t\t\t\t<div class=\"elementor-heading-title elementor-size-default\">Jules Renard<\/div>\t\t\t\t<\/div>\n\t\t\t\t<\/div>\n\t\t\t\t\t<\/div>\n\t\t<\/div>\n\t\t\t\t\t<\/div>\n\t\t<\/section>\n\t\t\t\t<section class=\"elementor-section elementor-top-section elementor-element elementor-element-299981c7 elementor-section-boxed elementor-section-height-default elementor-section-height-default\" data-id=\"299981c7\" data-element_type=\"section\" data-settings=\"{&quot;jet_parallax_layout_list&quot;:[{&quot;jet_parallax_layout_speed&quot;:{&quot;unit&quot;:&quot;%&quot;,&quot;size&quot;:50,&quot;sizes&quot;:[]},&quot;_id&quot;:&quot;7307b1b&quot;,&quot;jet_parallax_layout_image&quot;:{&quot;url&quot;:&quot;&quot;,&quot;id&quot;:&quot;&quot;,&quot;size&quot;:&quot;&quot;},&quot;jet_parallax_layout_image_tablet&quot;:{&quot;url&quot;:&quot;&quot;,&quot;id&quot;:&quot;&quot;,&quot;size&quot;:&quot;&quot;},&quot;jet_parallax_layout_image_mobile&quot;:{&quot;url&quot;:&quot;&quot;,&quot;id&quot;:&quot;&quot;,&quot;size&quot;:&quot;&quot;},&quot;jet_parallax_layout_type&quot;:&quot;scroll&quot;,&quot;jet_parallax_layout_direction&quot;:null,&quot;jet_parallax_layout_fx_direction&quot;:null,&quot;jet_parallax_layout_z_index&quot;:&quot;&quot;,&quot;jet_parallax_layout_bg_x&quot;:50,&quot;jet_parallax_layout_bg_x_tablet&quot;:&quot;&quot;,&quot;jet_parallax_layout_bg_x_mobile&quot;:&quot;&quot;,&quot;jet_parallax_layout_bg_y&quot;:50,&quot;jet_parallax_layout_bg_y_tablet&quot;:&quot;&quot;,&quot;jet_parallax_layout_bg_y_mobile&quot;:&quot;&quot;,&quot;jet_parallax_layout_bg_size&quot;:&quot;auto&quot;,&quot;jet_parallax_layout_bg_size_tablet&quot;:&quot;&quot;,&quot;jet_parallax_layout_bg_size_mobile&quot;:&quot;&quot;,&quot;jet_parallax_layout_animation_prop&quot;:&quot;transform&quot;,&quot;jet_parallax_layout_on&quot;:[&quot;desktop&quot;,&quot;tablet&quot;]}],&quot;background_background&quot;:&quot;classic&quot;}\">\n\t\t\t\t\t\t<div class=\"elementor-container elementor-column-gap-default\">\n\t\t\t\t\t<div class=\"elementor-column elementor-col-100 elementor-top-column elementor-element elementor-element-697f69f2\" data-id=\"697f69f2\" data-element_type=\"column\">\n\t\t\t<div class=\"elementor-widget-wrap elementor-element-populated\">\n\t\t\t\t\t\t<div class=\"elementor-element elementor-element-4ccf7943 elementor-invisible elementor-widget elementor-widget-heading\" data-id=\"4ccf7943\" data-element_type=\"widget\" data-settings=\"{&quot;_animation&quot;:&quot;fadeInUp&quot;}\" data-widget_type=\"heading.default\">\n\t\t\t\t<div class=\"elementor-widget-container\">\n\t\t\t\t\t<h2 class=\"elementor-heading-title elementor-size-default\">d\u00e9couvrez les derniers articles du blog<\/h2>\t\t\t\t<\/div>\n\t\t\t\t<\/div>\n\t\t\t\t<div class=\"elementor-element elementor-element-5c069dc elementor-widget-divider--view-line elementor-widget elementor-widget-divider\" data-id=\"5c069dc\" data-element_type=\"widget\" data-widget_type=\"divider.default\">\n\t\t\t\t<div class=\"elementor-widget-container\">\n\t\t\t\t\t\t\t<div class=\"elementor-divider\">\n\t\t\t<span class=\"elementor-divider-separator\">\n\t\t\t\t\t\t<\/span>\n\t\t<\/div>\n\t\t\t\t\t\t<\/div>\n\t\t\t\t<\/div>\n\t\t\t\t<div class=\"elementor-element elementor-element-4a1f03a3 elementor-hidden-desktop elementor-hidden-tablet elementor-hidden-mobile elementor-widget elementor-widget-jet-posts\" data-id=\"4a1f03a3\" data-element_type=\"widget\" data-settings=\"{&quot;columns_tablet&quot;:&quot;2&quot;,&quot;columns&quot;:3,&quot;slides_to_scroll&quot;:&quot;1&quot;}\" data-widget_type=\"jet-posts.default\">\n\t\t\t\t<div class=\"elementor-widget-container\">\n\t\t\t\t\t<div class=\"elementor-jet-posts jet-elements\"><div class=\"jet-posts col-row  jet-equal-cols\"><div class=\"jet-posts__item\">\n\t<div class=\"jet-posts__inner-box\"><div class=\"post-thumbnail\"><a href=\"https:\/\/www.gabrielpitt.com\/en\/digital-detox-vs-digital-well-being\/\" class=\"post-thumbnail__link\"><img loading=\"lazy\" decoding=\"async\" class=\"post-thumbnail__img wp-post-image\" src=\"https:\/\/www.gabrielpitt.com\/wp-content\/uploads\/2022\/08\/4.-hossein-farahani-jvXX_1OK-ik-unsplash-550x362.jpg\" alt=\"Digital Detox vs. Digital Well-being\" loading=\"lazy\" width=\"550\" height=\"362\"><\/a><\/div><div class=\"jet-posts__inner-content\"><h4 class=\"entry-title\"><a href=\"https:\/\/www.gabrielpitt.com\/en\/digital-detox-vs-digital-well-being\/\" target=\"\">Digital Detox vs. Digital Well-being<\/a><\/h4><div class=\"post-meta\"><\/div><div class=\"entry-excerpt\">Impact \u00e0 court terme ou \u00e0 long terme ? \u00ab Nous fa\u00e7onnons d'abord nos habitudes, puis nos habitudes nous fa\u00e7onnent.&hellip;<\/div><div class=\"jet-more-wrap\"><a href=\"https:\/\/www.gabrielpitt.com\/en\/digital-detox-vs-digital-well-being\/\" class=\"btn btn-primary elementor-button elementor-size-md jet-more\" target=\"\"><span class=\"btn__text\">Lire l&#039;article<\/span><\/a><\/div><\/div><\/div>\n<\/div>\n<div class=\"jet-posts__item\">\n\t<div class=\"jet-posts__inner-box\"><div class=\"post-thumbnail\"><a href=\"https:\/\/www.gabrielpitt.com\/en\/how-digital-prosperes-on-our-life-2\/\" class=\"post-thumbnail__link\"><img loading=\"lazy\" decoding=\"async\" class=\"post-thumbnail__img wp-post-image\" src=\"https:\/\/www.gabrielpitt.com\/wp-content\/uploads\/2022\/08\/1.-austin-distel-EMPZ7yRZoGw-unsplash-550x362.jpg\" alt=\"Comment le num\u00e9rique prosp\u00e8re sur notre vie!\" loading=\"lazy\" width=\"550\" height=\"362\"><\/a><\/div><div class=\"jet-posts__inner-content\"><h4 class=\"entry-title\"><a href=\"https:\/\/www.gabrielpitt.com\/en\/how-digital-prosperes-on-our-life-2\/\" target=\"\">Comment le num\u00e9rique prosp\u00e8re sur notre vie!<\/a><\/h4><div class=\"post-meta\"><\/div><div class=\"entry-excerpt\">\u00c9conomie de l\u2019attention et Design persuasif \u201cTrois facult\u00e9s sont dites essentielles au d\u00e9veloppement de la mentalit\u00e9 : l\u2019observation, la concentration,&hellip;<\/div><div class=\"jet-more-wrap\"><a href=\"https:\/\/www.gabrielpitt.com\/en\/how-digital-prosperes-on-our-life-2\/\" class=\"btn btn-primary elementor-button elementor-size-md jet-more\" target=\"\"><span class=\"btn__text\">Lire l&#039;article<\/span><\/a><\/div><\/div><\/div>\n<\/div>\n<div class=\"jet-posts__item\">\n\t<div class=\"jet-posts__inner-box\"><div class=\"post-thumbnail\"><a href=\"https:\/\/www.gabrielpitt.com\/en\/work-is-health\/\" class=\"post-thumbnail__link\"><img loading=\"lazy\" decoding=\"async\" class=\"post-thumbnail__img wp-post-image\" src=\"https:\/\/www.gabrielpitt.com\/wp-content\/uploads\/2022\/08\/4.-colton-sturgeon-6KkYYqTEDwQ-unsplash-550x362.jpg\" alt=\"Le travail, c\u2019est la sant\u00e9!\" loading=\"lazy\" width=\"550\" height=\"362\"><\/a><\/div><div class=\"jet-posts__inner-content\"><h4 class=\"entry-title\"><a href=\"https:\/\/www.gabrielpitt.com\/en\/work-is-health\/\" target=\"\">Le travail, c\u2019est la sant\u00e9!<\/a><\/h4><div class=\"post-meta\"><\/div><div class=\"entry-excerpt\">Bien \u00eatre digital et travail. \u201cSi nous faisions tout ce dont nous sommes capables, nous nous surprendrions vraiment.\u201d - Thomas&hellip;<\/div><div class=\"jet-more-wrap\"><a href=\"https:\/\/www.gabrielpitt.com\/en\/work-is-health\/\" class=\"btn btn-primary elementor-button elementor-size-md jet-more\" target=\"\"><span class=\"btn__text\">Lire l&#039;article<\/span><\/a><\/div><\/div><\/div>\n<\/div>\n<\/div>\n<\/div>\t\t\t\t<\/div>\n\t\t\t\t<\/div>\n\t\t\t\t<div class=\"elementor-element elementor-element-1db7049 elementor-hidden-desktop elementor-hidden-tablet elementor-hidden-mobile elementor-widget elementor-widget-jet-button\" data-id=\"1db7049\" data-element_type=\"widget\" data-widget_type=\"jet-button.default\">\n\t\t\t\t<div class=\"elementor-widget-container\">\n\t\t\t\t\t<div class=\"elementor-jet-button jet-elements\"><div class=\"jet-button__container\">\n\t<a class=\"jet-button__instance jet-button__instance--icon-left hover-effect-10\" href=\"#\">\n\t\t<div class=\"jet-button__plane jet-button__plane-normal\"><\/div>\n\t\t<div class=\"jet-button__plane jet-button__plane-hover\"><\/div>\n\t\t<div class=\"jet-button__state jet-button__state-normal\">\n\t\t\t<span class=\"jet-button__label\">Toutes les publications<\/span>\t\t<\/div>\n\t\t<div class=\"jet-button__state jet-button__state-hover\">\n\t\t\t<span class=\"jet-button__label\">Aller au blog<\/span>\t\t<\/div>\n\t<\/a>\n<\/div>\n<\/div>\t\t\t\t<\/div>\n\t\t\t\t<\/div>\n\t\t\t\t<div class=\"elementor-element elementor-element-6200e9f elementor-grid-eael-col-3 elementor-grid-tablet-eael-col-2 elementor-grid-mobile-eael-col-1 elementor-widget elementor-widget-eael-post-grid\" data-id=\"6200e9f\" data-element_type=\"widget\" data-settings=\"{&quot;eael_post_grid_columns&quot;:&quot;eael-col-3&quot;,&quot;eael_post_grid_columns_tablet&quot;:&quot;eael-col-2&quot;,&quot;eael_post_grid_columns_mobile&quot;:&quot;eael-col-1&quot;}\" data-widget_type=\"eael-post-grid.default\">\n\t\t\t\t<div class=\"elementor-widget-container\">\n\t\t\t\t\t<div id=\"eael-post-grid-6200e9f\" class=\"eael-post-grid-container\">\n            <div class=\"eael-post-grid eael-post-appender eael-post-appender-6200e9f eael-post-grid-style-one\" data-layout-mode=\"grid\"><article class=\"eael-grid-post eael-post-grid-column\" data-id=\"6525\">\n        <div class=\"eael-grid-post-holder\">\n            <div class=\"eael-grid-post-holder-inner\"><div class=\"eael-entry-media\"><div class=\"eael-entry-overlay fade-in\"><i class=\"fas fa-long-arrow-alt-right\" aria-hidden=\"true\"><\/i><a href=\"https:\/\/www.gabrielpitt.com\/en\/digital-detox-vs-digital-well-being\/\"><\/a><\/div><div class=\"eael-entry-thumbnail eael-image-ratio\">\n                <img fetchpriority=\"high\" decoding=\"async\" width=\"300\" height=\"200\" src=\"https:\/\/www.gabrielpitt.com\/wp-content\/uploads\/2022\/08\/4.-hossein-farahani-jvXX_1OK-ik-unsplash-300x200.jpg\" class=\"attachment-medium size-medium wp-image-6514\" alt=\"\" srcset=\"https:\/\/www.gabrielpitt.com\/wp-content\/uploads\/2022\/08\/4.-hossein-farahani-jvXX_1OK-ik-unsplash-300x200.jpg 300w, https:\/\/www.gabrielpitt.com\/wp-content\/uploads\/2022\/08\/4.-hossein-farahani-jvXX_1OK-ik-unsplash-scaled-800x533.jpg 800w, https:\/\/www.gabrielpitt.com\/wp-content\/uploads\/2022\/08\/4.-hossein-farahani-jvXX_1OK-ik-unsplash-1024x683.jpg 1024w, https:\/\/www.gabrielpitt.com\/wp-content\/uploads\/2022\/08\/4.-hossein-farahani-jvXX_1OK-ik-unsplash-768x512.jpg 768w, https:\/\/www.gabrielpitt.com\/wp-content\/uploads\/2022\/08\/4.-hossein-farahani-jvXX_1OK-ik-unsplash-825x550.jpg 825w, https:\/\/www.gabrielpitt.com\/wp-content\/uploads\/2022\/08\/4.-hossein-farahani-jvXX_1OK-ik-unsplash-1060x707.jpg 1060w, https:\/\/www.gabrielpitt.com\/wp-content\/uploads\/2022\/08\/4.-hossein-farahani-jvXX_1OK-ik-unsplash-1536x1024.jpg 1536w, https:\/\/www.gabrielpitt.com\/wp-content\/uploads\/2022\/08\/4.-hossein-farahani-jvXX_1OK-ik-unsplash-2048x1365.jpg 2048w, https:\/\/www.gabrielpitt.com\/wp-content\/uploads\/2022\/08\/4.-hossein-farahani-jvXX_1OK-ik-unsplash-550x367.jpg 550w, https:\/\/www.gabrielpitt.com\/wp-content\/uploads\/2022\/08\/4.-hossein-farahani-jvXX_1OK-ik-unsplash-750x500.jpg 750w, https:\/\/www.gabrielpitt.com\/wp-content\/uploads\/2022\/08\/4.-hossein-farahani-jvXX_1OK-ik-unsplash-scaled.jpg 1920w, https:\/\/www.gabrielpitt.com\/wp-content\/uploads\/2022\/08\/4.-hossein-farahani-jvXX_1OK-ik-unsplash-1620x1080.jpg 1620w, https:\/\/www.gabrielpitt.com\/wp-content\/uploads\/2022\/08\/4.-hossein-farahani-jvXX_1OK-ik-unsplash-600x400.jpg 600w\" sizes=\"(max-width: 300px) 100vw, 300px\" \/>\n            <\/div>\n        <\/div><div class=\"eael-entry-wrapper\"><header class=\"eael-entry-header\"><h2 class=\"eael-entry-title\"><a class=\"eael-grid-post-link\" href=\"https:\/\/www.gabrielpitt.com\/en\/digital-detox-vs-digital-well-being\/\" title=\"Digital Detox vs. Digital Well-being\">Digital Detox vs. Digital Well-being<\/a><\/h2><\/header><div class=\"eael-entry-content\">\n                        <div class=\"eael-grid-post-excerpt\"><p>Impact \u00e0 court terme ou \u00e0 long terme ? \u00ab Nous fa\u00e7onnons d'abord nos habitudes, puis nos habitudes...<\/p><a href=\"https:\/\/www.gabrielpitt.com\/en\/digital-detox-vs-digital-well-being\/\" class=\"eael-post-elements-readmore-btn\">LIRE L'ARTICLE<\/a><\/div>\n                    <\/div><\/div><\/div>\n        <\/div>\n    <\/article><article class=\"eael-grid-post eael-post-grid-column\" data-id=\"6506\">\n        <div class=\"eael-grid-post-holder\">\n            <div class=\"eael-grid-post-holder-inner\"><div class=\"eael-entry-media\"><div class=\"eael-entry-overlay fade-in\"><i class=\"fas fa-long-arrow-alt-right\" aria-hidden=\"true\"><\/i><a href=\"https:\/\/www.gabrielpitt.com\/en\/how-digital-prosperes-on-our-life-2\/\"><\/a><\/div><div class=\"eael-entry-thumbnail eael-image-ratio\">\n                <img decoding=\"async\" width=\"300\" height=\"200\" src=\"https:\/\/www.gabrielpitt.com\/wp-content\/uploads\/2022\/08\/1.-austin-distel-EMPZ7yRZoGw-unsplash-300x200.jpg\" class=\"attachment-medium size-medium wp-image-6481\" alt=\"\" srcset=\"https:\/\/www.gabrielpitt.com\/wp-content\/uploads\/2022\/08\/1.-austin-distel-EMPZ7yRZoGw-unsplash-300x200.jpg 300w, https:\/\/www.gabrielpitt.com\/wp-content\/uploads\/2022\/08\/1.-austin-distel-EMPZ7yRZoGw-unsplash-scaled-800x533.jpg 800w, https:\/\/www.gabrielpitt.com\/wp-content\/uploads\/2022\/08\/1.-austin-distel-EMPZ7yRZoGw-unsplash-1024x683.jpg 1024w, https:\/\/www.gabrielpitt.com\/wp-content\/uploads\/2022\/08\/1.-austin-distel-EMPZ7yRZoGw-unsplash-768x512.jpg 768w, https:\/\/www.gabrielpitt.com\/wp-content\/uploads\/2022\/08\/1.-austin-distel-EMPZ7yRZoGw-unsplash-825x550.jpg 825w, https:\/\/www.gabrielpitt.com\/wp-content\/uploads\/2022\/08\/1.-austin-distel-EMPZ7yRZoGw-unsplash-1060x707.jpg 1060w, https:\/\/www.gabrielpitt.com\/wp-content\/uploads\/2022\/08\/1.-austin-distel-EMPZ7yRZoGw-unsplash-1536x1024.jpg 1536w, https:\/\/www.gabrielpitt.com\/wp-content\/uploads\/2022\/08\/1.-austin-distel-EMPZ7yRZoGw-unsplash-2048x1365.jpg 2048w, https:\/\/www.gabrielpitt.com\/wp-content\/uploads\/2022\/08\/1.-austin-distel-EMPZ7yRZoGw-unsplash-550x367.jpg 550w, https:\/\/www.gabrielpitt.com\/wp-content\/uploads\/2022\/08\/1.-austin-distel-EMPZ7yRZoGw-unsplash-750x500.jpg 750w, https:\/\/www.gabrielpitt.com\/wp-content\/uploads\/2022\/08\/1.-austin-distel-EMPZ7yRZoGw-unsplash-scaled.jpg 1920w, https:\/\/www.gabrielpitt.com\/wp-content\/uploads\/2022\/08\/1.-austin-distel-EMPZ7yRZoGw-unsplash-1620x1080.jpg 1620w, https:\/\/www.gabrielpitt.com\/wp-content\/uploads\/2022\/08\/1.-austin-distel-EMPZ7yRZoGw-unsplash-600x400.jpg 600w\" sizes=\"(max-width: 300px) 100vw, 300px\" \/>\n            <\/div>\n        <\/div><div class=\"eael-entry-wrapper\"><header class=\"eael-entry-header\"><h2 class=\"eael-entry-title\"><a class=\"eael-grid-post-link\" href=\"https:\/\/www.gabrielpitt.com\/en\/how-digital-prosperes-on-our-life-2\/\" title=\"Comment le num\u00e9rique prosp\u00e8re sur notre vie!\">Comment le num\u00e9rique prosp\u00e8re sur notre vie!<\/a><\/h2><\/header><div class=\"eael-entry-content\">\n                        <div class=\"eael-grid-post-excerpt\"><p>\u00c9conomie de l\u2019attention et Design persuasif \u201cTrois facult\u00e9s sont dites essentielles au d\u00e9veloppement de la mentalit\u00e9 : l\u2019observation,...<\/p><a href=\"https:\/\/www.gabrielpitt.com\/en\/how-digital-prosperes-on-our-life-2\/\" class=\"eael-post-elements-readmore-btn\">LIRE L'ARTICLE<\/a><\/div>\n                    <\/div><\/div><\/div>\n        <\/div>\n    <\/article><article class=\"eael-grid-post eael-post-grid-column\" data-id=\"6479\">\n        <div class=\"eael-grid-post-holder\">\n            <div class=\"eael-grid-post-holder-inner\"><div class=\"eael-entry-media\"><div class=\"eael-entry-overlay fade-in\"><i class=\"fas fa-long-arrow-alt-right\" aria-hidden=\"true\"><\/i><a href=\"https:\/\/www.gabrielpitt.com\/en\/work-is-health\/\"><\/a><\/div><div class=\"eael-entry-thumbnail eael-image-ratio\">\n                <img decoding=\"async\" width=\"300\" height=\"200\" src=\"https:\/\/www.gabrielpitt.com\/wp-content\/uploads\/2022\/08\/4.-colton-sturgeon-6KkYYqTEDwQ-unsplash-300x200.jpg\" class=\"attachment-medium size-medium wp-image-6530\" alt=\"\" srcset=\"https:\/\/www.gabrielpitt.com\/wp-content\/uploads\/2022\/08\/4.-colton-sturgeon-6KkYYqTEDwQ-unsplash-300x200.jpg 300w, https:\/\/www.gabrielpitt.com\/wp-content\/uploads\/2022\/08\/4.-colton-sturgeon-6KkYYqTEDwQ-unsplash-scaled-800x533.jpg 800w, https:\/\/www.gabrielpitt.com\/wp-content\/uploads\/2022\/08\/4.-colton-sturgeon-6KkYYqTEDwQ-unsplash-1024x683.jpg 1024w, https:\/\/www.gabrielpitt.com\/wp-content\/uploads\/2022\/08\/4.-colton-sturgeon-6KkYYqTEDwQ-unsplash-768x512.jpg 768w, https:\/\/www.gabrielpitt.com\/wp-content\/uploads\/2022\/08\/4.-colton-sturgeon-6KkYYqTEDwQ-unsplash-825x550.jpg 825w, https:\/\/www.gabrielpitt.com\/wp-content\/uploads\/2022\/08\/4.-colton-sturgeon-6KkYYqTEDwQ-unsplash-1060x707.jpg 1060w, https:\/\/www.gabrielpitt.com\/wp-content\/uploads\/2022\/08\/4.-colton-sturgeon-6KkYYqTEDwQ-unsplash-1536x1024.jpg 1536w, https:\/\/www.gabrielpitt.com\/wp-content\/uploads\/2022\/08\/4.-colton-sturgeon-6KkYYqTEDwQ-unsplash-2048x1365.jpg 2048w, https:\/\/www.gabrielpitt.com\/wp-content\/uploads\/2022\/08\/4.-colton-sturgeon-6KkYYqTEDwQ-unsplash-550x367.jpg 550w, https:\/\/www.gabrielpitt.com\/wp-content\/uploads\/2022\/08\/4.-colton-sturgeon-6KkYYqTEDwQ-unsplash-750x500.jpg 750w, https:\/\/www.gabrielpitt.com\/wp-content\/uploads\/2022\/08\/4.-colton-sturgeon-6KkYYqTEDwQ-unsplash-scaled.jpg 1920w, https:\/\/www.gabrielpitt.com\/wp-content\/uploads\/2022\/08\/4.-colton-sturgeon-6KkYYqTEDwQ-unsplash-1620x1080.jpg 1620w, https:\/\/www.gabrielpitt.com\/wp-content\/uploads\/2022\/08\/4.-colton-sturgeon-6KkYYqTEDwQ-unsplash-600x400.jpg 600w\" sizes=\"(max-width: 300px) 100vw, 300px\" \/>\n            <\/div>\n        <\/div><div class=\"eael-entry-wrapper\"><header class=\"eael-entry-header\"><h2 class=\"eael-entry-title\"><a class=\"eael-grid-post-link\" href=\"https:\/\/www.gabrielpitt.com\/en\/work-is-health\/\" title=\"Le travail, c\u2019est la sant\u00e9!\">Le travail, c\u2019est la sant\u00e9!<\/a><\/h2><\/header><div class=\"eael-entry-content\">\n                        <div class=\"eael-grid-post-excerpt\"><p>Bien \u00eatre digital et travail. \u201cSi nous faisions tout ce dont nous sommes capables, nous nous surprendrions vraiment.\u201d...<\/p><a href=\"https:\/\/www.gabrielpitt.com\/en\/work-is-health\/\" class=\"eael-post-elements-readmore-btn\">LIRE L'ARTICLE<\/a><\/div>\n                    <\/div><\/div><\/div>\n        <\/div>\n    <\/article><\/div>\n            <div class=\"clearfix\"><\/div>\n        <\/div>\t\t\t\t<\/div>\n\t\t\t\t<\/div>\n\t\t\t\t\t<\/div>\n\t\t<\/div>\n\t\t\t\t\t<\/div>\n\t\t<\/section>\n\t\t\t\t<section class=\"elementor-section elementor-top-section elementor-element elementor-element-09b261d elementor-section-boxed elementor-section-height-default elementor-section-height-default\" data-id=\"09b261d\" data-element_type=\"section\" data-settings=\"{&quot;jet_parallax_layout_list&quot;:[]}\">\n\t\t\t\t\t\t<div class=\"elementor-container elementor-column-gap-default\">\n\t\t\t\t\t<div class=\"elementor-column elementor-col-100 elementor-top-column elementor-element elementor-element-8e30e87\" data-id=\"8e30e87\" data-element_type=\"column\">\n\t\t\t<div class=\"elementor-widget-wrap\">\n\t\t\t\t\t\t\t<\/div>\n\t\t<\/div>\n\t\t\t\t\t<\/div>\n\t\t<\/section>\n\t\t\t\t<\/div>\n\t\t","protected":false},"excerpt":{"rendered":"<p>\u00ab Chacune de nos lectures laisseune graine qui germe \u00bb Jules Renard d\u00e9couvrez les derniers articles du blog Digital Detox vs. Digital Well-being Impact \u00e0 court terme ou \u00e0 long terme ? \u00ab Nous fa\u00e7onnons d&rsquo;abord nos habitudes, puis nos habitudes nous fa\u00e7onnent.&hellip;Lire l&#039;article Comment le num\u00e9rique prosp\u00e8re sur notre vie! \u00c9conomie de l\u2019attention et Design persuasif \u201cTrois facult\u00e9s sont dites essentielles au d\u00e9veloppement de&#8230; <\/p>\n<p class=\"more\"><a class=\"more-link\" href=\"https:\/\/www.gabrielpitt.com\/en\/work-is-health\/\">Read More<\/a><\/p>","protected":false},"author":1,"featured_media":0,"parent":3090,"menu_order":1,"comment_status":"closed","ping_status":"closed","template":"elementor_header_footer","meta":{"inline_featured_image":false,"footnotes":""},"class_list":["post-3251","page","type-page","status-publish","hentry","is-cat-link-line-before"],"_links":{"self":[{"href":"https:\/\/www.gabrielpitt.com\/en\/wp-json\/wp\/v2\/pages\/3251","targetHints":{"allow":["GET"]}}],"collection":[{"href":"https:\/\/www.gabrielpitt.com\/en\/wp-json\/wp\/v2\/pages"}],"about":[{"href":"https:\/\/www.gabrielpitt.com\/en\/wp-json\/wp\/v2\/types\/page"}],"author":[{"embeddable":true,"href":"https:\/\/www.gabrielpitt.com\/en\/wp-json\/wp\/v2\/users\/1"}],"replies":[{"embeddable":true,"href":"https:\/\/www.gabrielpitt.com\/en\/wp-json\/wp\/v2\/comments?post=3251"}],"version-history":[{"count":0,"href":"https:\/\/www.gabrielpitt.com\/en\/wp-json\/wp\/v2\/pages\/3251\/revisions"}],"up":[{"embeddable":true,"href":"https:\/\/www.gabrielpitt.com\/en\/wp-json\/wp\/v2\/pages\/3090"}],"wp:attachment":[{"href":"https:\/\/www.gabrielpitt.com\/en\/wp-json\/wp\/v2\/media?parent=3251"}],"curies":[{"name":"wp","href":"https:\/\/api.w.org\/{rel}","templated":true}]}}