{"id":6555,"date":"2022-08-02T17:25:10","date_gmt":"2022-08-02T15:25:10","guid":{"rendered":"https:\/\/www.gabrielpitt.com\/?page_id=6555"},"modified":"2022-09-01T22:47:47","modified_gmt":"2022-09-01T20:47:47","slug":"politique-confidentialite","status":"publish","type":"page","link":"https:\/\/www.gabrielpitt.com\/en\/privacy-policy\/","title":{"rendered":"Privacy Policy"},"content":{"rendered":"\t\t<div data-elementor-type=\"wp-post\" data-elementor-id=\"6555\" class=\"elementor elementor-6555\">\n\t\t\t\t\t\t<section class=\"elementor-section elementor-top-section elementor-element elementor-element-f709219 elementor-section-boxed elementor-section-height-default elementor-section-height-default\" data-id=\"f709219\" data-element_type=\"section\" data-settings=\"{&quot;jet_parallax_layout_list&quot;:[{&quot;jet_parallax_layout_image&quot;:{&quot;url&quot;:&quot;&quot;,&quot;id&quot;:&quot;&quot;,&quot;size&quot;:&quot;&quot;},&quot;_id&quot;:&quot;09698cf&quot;,&quot;jet_parallax_layout_image_tablet&quot;:{&quot;url&quot;:&quot;&quot;,&quot;id&quot;:&quot;&quot;,&quot;size&quot;:&quot;&quot;},&quot;jet_parallax_layout_image_mobile&quot;:{&quot;url&quot;:&quot;&quot;,&quot;id&quot;:&quot;&quot;,&quot;size&quot;:&quot;&quot;},&quot;jet_parallax_layout_speed&quot;:{&quot;unit&quot;:&quot;%&quot;,&quot;size&quot;:50,&quot;sizes&quot;:[]},&quot;jet_parallax_layout_type&quot;:&quot;scroll&quot;,&quot;jet_parallax_layout_direction&quot;:null,&quot;jet_parallax_layout_fx_direction&quot;:null,&quot;jet_parallax_layout_z_index&quot;:&quot;&quot;,&quot;jet_parallax_layout_bg_x&quot;:50,&quot;jet_parallax_layout_bg_x_tablet&quot;:&quot;&quot;,&quot;jet_parallax_layout_bg_x_mobile&quot;:&quot;&quot;,&quot;jet_parallax_layout_bg_y&quot;:50,&quot;jet_parallax_layout_bg_y_tablet&quot;:&quot;&quot;,&quot;jet_parallax_layout_bg_y_mobile&quot;:&quot;&quot;,&quot;jet_parallax_layout_bg_size&quot;:&quot;auto&quot;,&quot;jet_parallax_layout_bg_size_tablet&quot;:&quot;&quot;,&quot;jet_parallax_layout_bg_size_mobile&quot;:&quot;&quot;,&quot;jet_parallax_layout_animation_prop&quot;:&quot;transform&quot;,&quot;jet_parallax_layout_on&quot;:[&quot;desktop&quot;,&quot;tablet&quot;]}],&quot;background_background&quot;:&quot;classic&quot;}\">\n\t\t\t\t\t\t<div class=\"elementor-container elementor-column-gap-default\">\n\t\t\t\t\t<div class=\"elementor-column elementor-col-100 elementor-top-column elementor-element elementor-element-f2e0161\" data-id=\"f2e0161\" data-element_type=\"column\">\n\t\t\t<div class=\"elementor-widget-wrap elementor-element-populated\">\n\t\t\t\t\t\t<div class=\"elementor-element elementor-element-e03f1c9 elementor-widget elementor-widget-text-editor\" data-id=\"e03f1c9\" data-element_type=\"widget\" data-settings=\"{&quot;_animation&quot;:&quot;none&quot;}\" data-widget_type=\"text-editor.default\">\n\t\t\t\t<div class=\"elementor-widget-container\">\n\t\t\t\t\t\t\t\t\t<p>Politique de confidentialit\u00e9<\/p>\t\t\t\t\t\t\t\t<\/div>\n\t\t\t\t<\/div>\n\t\t\t\t<div class=\"elementor-element elementor-element-500d6a4 elementor-widget-divider--view-line elementor-widget elementor-widget-divider\" data-id=\"500d6a4\" data-element_type=\"widget\" data-widget_type=\"divider.default\">\n\t\t\t\t<div class=\"elementor-widget-container\">\n\t\t\t\t\t\t\t<div class=\"elementor-divider\">\n\t\t\t<span class=\"elementor-divider-separator\">\n\t\t\t\t\t\t<\/span>\n\t\t<\/div>\n\t\t\t\t\t\t<\/div>\n\t\t\t\t<\/div>\n\t\t\t\t<div class=\"elementor-element elementor-element-135ed29 elementor-widget elementor-widget-text-editor\" data-id=\"135ed29\" data-element_type=\"widget\" data-widget_type=\"text-editor.default\">\n\t\t\t\t<div class=\"elementor-widget-container\">\n\t\t\t\t\t\t\t\t\t<p style=\"text-align: justify;\"><strong>Politique d\u2019utilisation et de confidentialit\u00e9 des donn\u00e9es<\/strong><\/p>\n<p style=\"text-align: justify;\">Afin de garantir la s\u00e9curit\u00e9 des donn\u00e9es personnelles de nos utilisateurs, nous nous assurons que notre politique de traitement et collecte des donn\u00e9es est en conformit\u00e9 avec le nouveau R\u00e8glement europ\u00e9en sur la Protection des Donn\u00e9es (RGPD) et la l\u00e9gislation nationale en vigueur.<\/p>\n<p style=\"text-align: justify;\">Notre politique de confidentialit\u00e9 d\u00e9crit la mani\u00e8re dont nous utilisons les donn\u00e9es collect\u00e9es et des droits dont disposent nos utilisateurs concernant le traitement de ces donn\u00e9es.<\/p>\n\n<ol style=\"text-align: justify;\">\n \t<li><strong> Collecte des donn\u00e9es<\/strong><\/li>\n<\/ol>\n<p style=\"text-align: justify;\">La navigation sur le site de www.gabrielpitt.com est possible sans avoir \u00e0 r\u00e9v\u00e9ler aucune identit\u00e9 ou toute autre information \u00e0 caract\u00e8re personnel concernant ses utilisateurs.<\/p>\n<p style=\"text-align: justify;\">Afin de commander un produit depuis notre site internet, l\u2019utilisateur doit poss\u00e9der un compte utilisateur. Pour ce faire, l\u2019utilisateur doit indiquer une adresse email, cr\u00e9er un mot de passe, communiquer certaines donn\u00e9es personnelles (telles que vos nom et pr\u00e9nom, votre magasin favori, une adresse compl\u00e8te\u00a0ainsi qu&rsquo;un num\u00e9ro de t\u00e9l\u00e9phone) et accepter nos Conditions G\u00e9n\u00e9rales de Vente (ci-apr\u00e8s, CGV).<\/p>\n<p style=\"text-align: justify;\">Toutefois \u00e0 partir du moment o\u00f9 un utilisateur souhaite obtenir de plus amples renseignements et \u00eatre contact\u00e9 \u00e0 cette fin ou passer commande, il devra remplir un formulaire et indiquer certaines informations.<\/p>\n<p style=\"text-align: justify;\">GP SA (en cr\u00e9ation) est amen\u00e9 \u00e0 collecter des donn\u00e9es \u00e0 diff\u00e9rents niveaux :<\/p>\n\n<ul style=\"text-align: justify;\">\n \t<li><u>Demande d\u2019informations :<\/u>\u00a0en remplissant le formulaire de demande d\u2019informations sur notre site internet l\u2019utilisateur communique son : nom, pr\u00e9nom, t\u00e9l\u00e9phone, adresse email, code postal, ville, pays. Ces donn\u00e9es personnelles sont collect\u00e9es en vue de nous permettre de contacter, par mail, t\u00e9l\u00e9phone, ou courrier, l\u2019utilisateur pour traiter sa demande d\u2019information. Nous conservons les donn\u00e9es transmises lors d\u2019une demande d\u2019information durant 3 ann\u00e9es.<\/li>\n \t<li><u>Inscription \u00e0 une formation propos\u00e9e par le site www.gabrielpitt.com :<\/u> Au moment de son inscription, l\u2019utilisateur fournit un certain nombre de donn\u00e9es : nom, pr\u00e9nom, adresse, num\u00e9ro de t\u00e9l\u00e9phone, parcours scolaire et\/ou professionnel<\/li>\n \t<li><u>Au cours de la formation :<\/u>\u00a0apr\u00e8s l\u2019inscription d\u2019autres donn\u00e9es \u00e0 caract\u00e8re personnel sont consign\u00e9es par nos soins : mot de passe, notes, appr\u00e9ciations des intervenants, messages etc.<\/li>\n \t<li><u>Lors d\u2019une commande\u00a0:<\/u> nom, pr\u00e9nom, num\u00e9ro de t\u00e9l\u00e9phone, adresse email, code postal, ville, pays. Ces donn\u00e9es personnelles sont collect\u00e9es en vue de nous permettre de contacter, par mail, t\u00e9l\u00e9phone, ou courrier, l\u2019utilisateur pour traiter sa demande, acceptation des CGV, informations concernant l\u2019abonnement \u00e0 la newsletter, consentement pour la r\u00e9ception de la publicit\u00e9.<\/li>\n<\/ul>\n<p style=\"text-align: justify;\">En outre, s\u2019il s\u2019agit d\u2019un compte professionnel, GP SA (en cr\u00e9ation) enregistre et collecte la raison sociale de l\u2019entreprise, le num\u00e9ro de TVA et l\u2019IDE.<\/p>\n\n<h3 style=\"text-align: justify;\"><\/h3>\n<ol style=\"text-align: justify;\" start=\"2\">\n \t<li><strong> Finalit\u00e9 de la collecte<\/strong><\/li>\n<\/ol>\n<p style=\"text-align: justify;\">La collecte des donn\u00e9es \u00e0 caract\u00e8re personnel par GP SA (en cr\u00e9ation) a pour finalit\u00e9 selon les cas :<\/p>\n\n<ul style=\"text-align: justify;\">\n \t<li>Le traitement de la demande d\u2019inscription et\/ou des commandes ;<\/li>\n \t<li>L\u2019envoi d\u2019une documentation et\/ou des commandes ;<\/li>\n \t<li>D\u2019adresser des informations et actualit\u00e9s sur nos formations ou des propositions commerciales si nous avons recueilli l\u2019accord de l\u2019utilisateur ;<\/li>\n \t<li>De permettre l\u2019acc\u00e8s et la navigation \u00e0 l\u2019espace \u00e9l\u00e8ve en ligne afin de, notamment, consulter les notes, etc ;<\/li>\n \t<li>De disposer sur l\u2019espace \u00e9l\u00e8ve de toutes les informations n\u00e9cessaires au suivi de la formation ;<\/li>\n \t<li>D\u2019adresser toutes les communications n\u00e9cessaires au sujet de la formation et\/ ou des commandes ;<\/li>\n \t<li>D\u2019analyser les donn\u00e9es d\u2019apprentissage de nos participants dans le cadre d\u2019un processus d\u2019am\u00e9lioration continue ;<\/li>\n \t<li>De r\u00e9aliser des enqu\u00eates ponctuelles de satisfaction et d\u2019employabilit\u00e9 ;<\/li>\n \t<li>D\u2019effectuer des statistiques sur l\u2019utilisation de nos outils p\u00e9dagogiques et\/ou un rapport interne pour les \u00e9quipes p\u00e9dagogiques ;<\/li>\n \t<li>De permettre le r\u00e8glement des co\u00fbts de formation et\/ou des commandes ;<\/li>\n \t<li>D\u2019envoyer \u00e0 des tiers \u00e0 des fins de contr\u00f4le ponctuel, d\u2019h\u00e9bergement ou de maintenance informatique.<\/li>\n<\/ul>\n<ol style=\"text-align: justify;\" start=\"3\">\n \t<li><strong> Les droits d\u2019utilisateurs<\/strong><\/li>\n<\/ol>\n<p style=\"text-align: justify;\">Conform\u00e9ment \u00e0 la r\u00e9glementation europ\u00e9enne en vigueur l\u2019utilisateur dispose des droits suivants :<\/p>\n\n<ul style=\"text-align: justify;\">\n \t<li><strong>Droit d\u2019acc\u00e8s :<\/strong>\u00a0l\u2019utilisateur dispose du droit de recevoir une copie des donn\u00e9es que nous poss\u00e9dons ;<\/li>\n \t<li><strong>Droit d\u2019effacement et droit de rectification :<\/strong>\u00a0l\u2019utilisateur peut demander l\u2019effacement de ses donn\u00e9es ainsi que la rectification de toute erreur ou information obsol\u00e8te ;<\/li>\n \t<li><strong>Droit d\u2019opposition :<\/strong>\u00a0l\u2019utilisateur dispose \u00e9galement du droit de s\u2019opposer \u00e0 tout moment au traitement de ses donn\u00e9es personnelles \u00e0 des fins de marketing ou aux traitements effectu\u00e9s ;<\/li>\n \t<li><strong>Droit \u00e0 la limitation :<\/strong>\u00a0l\u2019utilisateur dispose, dans certains cas vis\u00e9s par la r\u00e9glementation, du droit de demander la suspension d\u2019un traitement effectu\u00e9 sur ses donn\u00e9es ;<\/li>\n \t<li><strong>Droit \u00e0 la portabilit\u00e9 :<\/strong>\u00a0l\u2019utilisateur dispose du droit \u00e0 la portabilit\u00e9 de ses donn\u00e9es, c\u2019est-\u00e0-dire au droit de recevoir les donn\u00e9es que nous poss\u00e9dons dans un format structur\u00e9, couramment utilis\u00e9 et lisible et le droit de transmettre ces donn\u00e9es \u00e0 un autre responsable de traitement.<\/li>\n<\/ul>\n<p style=\"text-align: justify;\">L\u2019utilisateur peut exercer ses droits sur simple demande \u00e9crite, imp\u00e9rativement accompagn\u00e9e d\u2019un justificatif d\u2019identit\u00e9 en cours de validit\u00e9 comportant la signature du titulaire, envoy\u00e9e \u00e0 GP SA (en cr\u00e9ation).<\/p>\n\n<ol style=\"text-align: justify;\" start=\"4\">\n \t<li><strong> Enregistrement des conversations t\u00e9l\u00e9phoniques et visioconf\u00e9rences<\/strong><\/li>\n<\/ol>\n<p style=\"text-align: justify;\">Les conversations t\u00e9l\u00e9phoniques avec les auxiliaires, les assistants administratifs, de GP SA (en cr\u00e9ation) sont susceptibles d\u2019\u00eatre enregistr\u00e9es \u00e0 des fins de formation, en vue d\u2019am\u00e9lioration de la qualit\u00e9 de nos services.<\/p>\n\n<ol style=\"text-align: justify;\" start=\"5\">\n \t<li><strong> Transfert de donn\u00e9es<\/strong><\/li>\n<\/ol>\n<p style=\"text-align: justify;\">Les donn\u00e9es de l\u2019utilisateur ne sont pas transf\u00e9r\u00e9es ou conserv\u00e9es hors de l\u2019Union europ\u00e9enne ou aux Etats-Unis.<\/p>\n\n<ol style=\"text-align: justify;\" start=\"6\">\n \t<li><strong> S\u00e9curit\u00e9 de vos donn\u00e9es<\/strong><\/li>\n<\/ol>\n<p style=\"text-align: justify;\">Les donn\u00e9es de l\u2019utilisateur sont trait\u00e9es de fa\u00e7on \u00e0 garantir leur s\u00e9curit\u00e9.<\/p>\n<p style=\"text-align: justify;\">GP SA (en cr\u00e9ation) met en \u0153uvre les mesures organisationnelles et techniques afin d\u2019\u00e9viter toute fuite ou vol de donn\u00e9es et s\u2019assure que ses sous-traitants mettent en \u0153uvre les mesures de protection des donn\u00e9es collect\u00e9es. Les personnes qui ont acc\u00e8s \u00e0 ces donn\u00e9es sont tenues \u00e0 une obligation stricte de s\u00e9curit\u00e9.<\/p>\n<p style=\"text-align: justify;\">Les donn\u00e9es collect\u00e9es dans le cadre des acc\u00e8s aux pages du site web (telles que l\u2019adresse IP, la date, l\u2019heure et le navigateur utilis\u00e9) sont trait\u00e9es aux fins n\u00e9cessaires \u00e0 la gestion et au maintien du site. Ces donn\u00e9es sont trait\u00e9es de fa\u00e7on parfaitement confidentielle et ne sont pas communiqu\u00e9es \u00e0 des tiers, sauf si des dispositions l\u00e9gales le pr\u00e9voient. Tout \u00e9ventuel sous-traitant re\u00e7oit exclusivement les donn\u00e9es n\u00e9cessaires \u00e0 la t\u00e2che qui lui est confi\u00e9e et est tenu \u00e0 des exigences de confidentialit\u00e9 strictes.<\/p>\n<p style=\"text-align: justify;\">GP SA (en cr\u00e9ation) collecte \u00e9galement des retours d\u2019information quant au comportement des utilisatrices et utilisateurs sur le site \u00e0 des fins statistiques. Les statistiques qui en r\u00e9sultent sont relev\u00e9es de mani\u00e8re compl\u00e8tement anonyme. Ce site utilise l\u2019outil d\u2019analyse d\u2019audience Google Analytics. Vous avez la possibilit\u00e9 de d\u00e9sactiver cette fonctionnalit\u00e9 via votre navigateur internet, en d\u00e9sactivant la fonction des cookies.<\/p>\n<p style=\"text-align: justify;\">Lorsque GP SA (en cr\u00e9ation) re\u00e7oit via son site web des informations personnelles requ\u00e9rant une r\u00e9action personnelle (comme des questions ou commandes par messagerie \u00e9lectronique), les donn\u00e9es correspondantes sont trait\u00e9es dans le cadre sp\u00e9cifique de la demande, elles ne sont pas r\u00e9utilis\u00e9es ou transmises \u00e0 d\u2019autres fins.<\/p>\n\n<ol style=\"text-align: justify;\" start=\"7\">\n \t<li><strong> Dur\u00e9e de la conservation des donn\u00e9s<\/strong><\/li>\n<\/ol>\n<p style=\"text-align: justify;\">Les donn\u00e9es personnelles de l\u2019utilisateur sont conserv\u00e9es de mani\u00e8re appropri\u00e9e afin d&rsquo;assurer le respect des lois en vigueur ou tant qu\u2019elles r\u00e9pondent \u00e0 une n\u00e9cessit\u00e9 au regard des objectifs en vue desquels elles ont \u00e9t\u00e9 recueillies. GP SA (en cr\u00e9ation) efface les donn\u00e9es personnelles aussit\u00f4t qu&rsquo;elles ont perdu leur utilit\u00e9 et, en-dehors de toute obligation l\u00e9gale, \u00e0 l&rsquo;issue d&rsquo;une p\u00e9riode d&rsquo;inactivit\u00e9 de 3 ans.<\/p>\n\n<ol style=\"text-align: justify;\" start=\"8\">\n \t<li><strong> \u00ab Cookies \u00bb<\/strong><\/li>\n<\/ol>\n<p style=\"text-align: justify;\"><strong>Les cookies utilis\u00e9s par GP SA (en cr\u00e9ation) :<\/strong><\/p>\n<p style=\"text-align: justify;\"><strong>Les cookies strictement n\u00e9cessaires<\/strong><\/p>\n<p style=\"text-align: justify;\">Ces cookies sont indispensables afin de naviguer sur le site et profiter de ses fonctionnalit\u00e9s. Ils permettent \u00e0 GP SA (en cr\u00e9ation) d\u2019am\u00e9liorer l\u2019int\u00e9r\u00eat et l\u2019ergonomie du site internet.<\/p>\n<p style=\"text-align: justify;\"><strong>Cookies de performance<\/strong><\/p>\n<p style=\"text-align: justify;\">Ces cookies recueillent des informations sur la fa\u00e7on dont les visiteurs utilisent un site Web. Par exemple, les pages les plus visit\u00e9es et si des messages d\u2019erreur sont \u00e9mis. Les cookies ne recueillent pas de donn\u00e9es permettant d\u2019identifier les visiteurs. Ces cookies sont uniquement destin\u00e9s \u00e0 am\u00e9liorer le fonctionnement du site Web.<\/p>\n<p style=\"text-align: justify;\"><strong>Cookies de fonctionnalit\u00e9s<\/strong><\/p>\n<p style=\"text-align: justify;\">Ces cookies permettent au site de m\u00e9moriser les informations relatives \u00e0 un formulaire rempli ou \u00e0 une formation choisie. Ils peuvent \u00e9galement servir pour fournir des informations sur les services sollicit\u00e9s, comme regarder une vid\u00e9o par exemple. Les informations collect\u00e9es par ces cookies peuvent \u00eatre rendues anonymes et ne peuvent pas suivre votre activit\u00e9 de navigation sur d\u2019autres sites.<\/p>\n<p style=\"text-align: justify;\"><strong>Gestion des pr\u00e9f\u00e9rences sur les cookies<\/strong><\/p>\n<p style=\"text-align: justify;\">Certaines fonctionnalit\u00e9s de ce site (partage de contenus sur les r\u00e9seaux sociaux, lecture directe de vid\u00e9os) s\u2019appuient sur des services propos\u00e9s par des sites tiers. Ces fonctionnalit\u00e9s d\u00e9posent des cookies permettant notamment \u00e0 ces sites de tracer la navigation des visiteurs. Ces cookies ne sont d\u00e9pos\u00e9s que si le visiteur donne son accord. Le visiteur peut s\u2019informer sur la nature des cookies d\u00e9pos\u00e9s, les accepter ou les refuser soit globalement pour l\u2019ensemble du site et l\u2019ensemble des services, soit service par service.<\/p>\n<p style=\"text-align: justify;\"><strong>Comment g\u00e9rer les cookies sur les ordinateurs ?<\/strong><\/p>\n<p style=\"text-align: justify;\">Il est possible configurer le logiciel de navigation de mani\u00e8re \u00e0 ce que des cookies soient enregistr\u00e9s dans le terminal ou, au contraire, qu\u2019ils soient rejet\u00e9s, soit syst\u00e9matiquement, soit selon leur \u00e9metteur. Il est \u00e9galement possible de configurer le logiciel de navigation de mani\u00e8re \u00e0 ce que l\u2019acceptation ou le refus des cookies soient propos\u00e9s ponctuellement, avant qu\u2019un cookie soit susceptible d\u2019\u00eatre enregistr\u00e9 dans le terminal. Enfin, il est possible de g\u00e9rer les cookies en suivant les instructions comme suit :<\/p>\n<p style=\"text-align: justify;\">Pour Internet Explorer\u2122 : ouvrez le menu \u00abOutils\u00bb, puis s\u00e9lectionnez \u00abOptions internet\u00bb ; cliquez sur l&rsquo;onglet \u00abConfidentialit\u00e9\u00bb puis l\u2019onglet \u00abAvanc\u00e9\u00bb choisissez le niveau souhait\u00e9 ou suivez ce lien\u00a0: <a href=\"http:\/\/windows.microsoft.com\/fr-FR\/windows-vista\/Block-or-allow-cookies\">http:\/\/windows.microsoft.com\/fr-FR\/windows-vista\/Block-or-allow-cookies<\/a><\/p>\n<p style=\"text-align: justify;\">Pour Firefox\u2122 : ouvrez le menu \u00abOutils\u00bb, puis s\u00e9lectionnez \u00abOptions\u00bb ; cliquez sur l&rsquo;onglet \u00abVie priv\u00e9e\u00bb puis choisissez les options souhait\u00e9es ou suivez ce lien\u00a0: <a href=\"http:\/\/support.mozilla.org\/fr\/kb\/Activer%20et%20d%C3%A9sactiver%20les%20cookies\">http:\/\/support.mozilla.org\/fr\/kb\/Activer%20et%20d%C3%A9sactiver%20les%20cookies<\/a><\/p>\n<p style=\"text-align: justify;\">Pour Chrome\u2122 : ouvrez le menu de configuration (logo cl\u00e9 \u00e0 molette), puis s\u00e9lectionnez \u00abOptions\u00bb ; cliquez sur \u00abOptions avanc\u00e9es\u00bb puis dans la section \u00abConfidentialit\u00e9\u00bb, cliquez sur \u00abParam\u00e8tres de contenu\u00bb, et choisissez les options souhait\u00e9es ou suivez le lien suivant\u00a0: <a href=\"http:\/\/support.google.com\/chrome\/bin\/answer.py?hl=fr&amp;hlrm=en&amp;answer=95647\">http:\/\/support.google.com\/chrome\/bin\/answer.py?hl=fr&amp;hlrm=en&amp;answer=95647<\/a><\/p>\n<p style=\"text-align: justify;\">Pour Safari\u2122 : choisissez \u00ab Safari &gt; Pr\u00e9f\u00e9rences\u00bb puis cliquez sur \u00abS\u00e9curit\u00e9\u00bb ; Dans la section \u00abAccepter les cookies\u00bb choisissez les options souhait\u00e9es ou suivez ce lien\u00a0: <a href=\"https:\/\/support.apple.com\/fr-ch\/guide\/safari\/sfri11471\/mac\">https:\/\/support.apple.com\/fr-ch\/guide\/safari\/sfri11471\/mac<\/a><\/p>\n<p style=\"text-align: justify;\"><strong>Limitation de la responsabilit\u00e9<\/strong><\/p>\n<p style=\"text-align: justify;\">En aucun cas, notamment en cas de n\u00e9gligence, GP SA (en cr\u00e9ation) ne pourra \u00eatre tenue responsable de dommages directs, indirects ou cons\u00e9cutifs r\u00e9sultant de la consultation, l&rsquo;exploration, l&rsquo;utilisation ou l&rsquo;impossibilit\u00e9 d&rsquo;utilisation de son site web.<\/p>\t\t\t\t\t\t\t\t<\/div>\n\t\t\t\t<\/div>\n\t\t\t\t\t<\/div>\n\t\t<\/div>\n\t\t\t\t\t<\/div>\n\t\t<\/section>\n\t\t\t\t<\/div>\n\t\t","protected":false},"excerpt":{"rendered":"<p>Privacy policy Data use and privacy policy In order to guarantee the security of our users' personal data, we ensure that our data processing and collection policy complies with the new European Data Protection Regulation (RGPD) and current national legislation. Our privacy policy describes how we use data... <\/p>\n<p class=\"more\"><a class=\"more-link\" href=\"https:\/\/www.gabrielpitt.com\/en\/privacy-policy\/\">Read More<\/a><\/p>","protected":false},"author":1,"featured_media":0,"parent":0,"menu_order":0,"comment_status":"closed","ping_status":"closed","template":"elementor_header_footer","meta":{"inline_featured_image":false,"footnotes":""},"class_list":["post-6555","page","type-page","status-publish","hentry","is-cat-link-line-before"],"_links":{"self":[{"href":"https:\/\/www.gabrielpitt.com\/en\/wp-json\/wp\/v2\/pages\/6555","targetHints":{"allow":["GET"]}}],"collection":[{"href":"https:\/\/www.gabrielpitt.com\/en\/wp-json\/wp\/v2\/pages"}],"about":[{"href":"https:\/\/www.gabrielpitt.com\/en\/wp-json\/wp\/v2\/types\/page"}],"author":[{"embeddable":true,"href":"https:\/\/www.gabrielpitt.com\/en\/wp-json\/wp\/v2\/users\/1"}],"replies":[{"embeddable":true,"href":"https:\/\/www.gabrielpitt.com\/en\/wp-json\/wp\/v2\/comments?post=6555"}],"version-history":[{"count":0,"href":"https:\/\/www.gabrielpitt.com\/en\/wp-json\/wp\/v2\/pages\/6555\/revisions"}],"wp:attachment":[{"href":"https:\/\/www.gabrielpitt.com\/en\/wp-json\/wp\/v2\/media?parent=6555"}],"curies":[{"name":"wp","href":"https:\/\/api.w.org\/{rel}","templated":true}]}}